{"id":454,"date":"2024-04-05T16:54:31","date_gmt":"2024-04-05T16:54:31","guid":{"rendered":"https:\/\/www.malvinhagman.se\/?page_id=454"},"modified":"2025-01-08T17:24:46","modified_gmt":"2025-01-08T15:24:46","slug":"villkor-overrenskommelser","status":"publish","type":"page","link":"https:\/\/www.malvinhagman.se\/en\/villkor-overrenskommelser\/","title":{"rendered":"villkor &#038; \u00f6verrenskommelser"},"content":{"rendered":"<div class=\"wp-block-cover alignfull has-parallax\" style=\"min-height:487px;aspect-ratio:unset;\"><span aria-hidden=\"true\" class=\"wp-block-cover__background has-custom-gr-n-background-color has-background-dim-30 has-background-dim\"><\/span><div class=\"wp-block-cover__image-background wp-image-3296 has-parallax\" style=\"background-position:50% 50%;background-image:url(https:\/\/www.malvinhagman.se\/wp-content\/uploads\/2024\/12\/bollar-5.png)\"><\/div><div class=\"wp-block-cover__inner-container is-layout-flow wp-block-cover-is-layout-flow\"><div class=\"wp-block-group has-global-padding is-layout-constrained wp-block-group-is-layout-constrained swt-hide-mobile\">\n<h1 class=\"wp-block-heading has-text-align-center has-next-art-font-family\" style=\"font-size:3rem;font-style:normal;font-weight:900\">Terms <br>and conditions<\/h1>\n<\/div>\n\n\n<div class=\"wp-block-group has-global-padding is-layout-constrained wp-container-core-group-is-layout-caa6f773 wp-block-group-is-layout-constrained swt-hide-desktop swt-hide-tablet\" style=\"padding-right:var(--wp--preset--spacing--medium);padding-left:var(--wp--preset--spacing--medium)\">\n<h1 class=\"wp-block-heading has-text-align-center has-next-art-font-family\" style=\"font-size:2.2rem;font-style:normal;font-weight:700\">Terms <br>and conditions<\/h1>\n<\/div>\n<\/div><\/div>\n\n\n\n<div class=\"wp-block-group has-global-padding is-layout-constrained wp-container-core-group-is-layout-1aca62c3 wp-block-group-is-layout-constrained\" style=\"padding-right:var(--wp--preset--spacing--x-small);padding-left:var(--wp--preset--spacing--x-small)\">\n<h3 class=\"wp-block-heading has-custom-svart-color has-text-color has-link-color wp-elements-7d3d26e7626c9e5fc2a313978aa89f86\">What is included in my website?<\/h3>\n\n\n\n<p>All websites are different, but we\u2019ve learned that the process of creating them is often the same. Most websites consist of around 7 pages and include page content and basic web development. We charge an additional fee of 1000 SEK per extra page, should you need more.<\/p>\n\n\n\n<p>We design websites that look great on both computer and phone.<\/p>\n\n\n\n<p>When we say that web design costs 'from 20,000 SEK,' we understand that it can be frustrating. To clarify, most websites cost 20,000 SEK, but some require more involvement and time investment. <\/p>\n\n\n\n<p>A typical website that costs 20,000 SEK usually includes (in addition to the website build):<\/p>\n\n\n\n<details class=\"wp-block-details is-layout-flow wp-block-details-is-layout-flow\"><summary>Creative planning<\/summary>\n<p>We plan each website carefully before starting the actual build. Here, close collaboration with you as the client is essential. The more information we can get about your goals and needs, the more confident we can be that the website is on the right track. Before our first meeting, we review the form(s) you submitted (depending on whether you want both web design and copywriting) and present a first draft where we discuss what you like and don\u2019t like. If any requests come up that we believe might jeopardize your website, we will of course let you know and suggest alternative solutions. However, it is important that your voice is heard.<\/p>\n<\/details>\n\n\n\n<details class=\"wp-block-details is-layout-flow wp-block-details-is-layout-flow\"><summary>Design<\/summary>\n<p>Before the design phase, we go through exactly which pages you need. The design elements include:<\/p>\n\n\n\n<div class=\"wp-block-uagb-icon-list uagb-block-c5f8f825\"><div class=\"uagb-icon-list__wrap\">\n<div class=\"wp-block-uagb-icon-list-child uagb-block-10172523\"><span class=\"uagb-icon-list__source-wrap\"><svg xmlns=\"https:\/\/www.w3.org\/2000\/svg\" viewbox=\"0 0 512 512\"><path d=\"M256 0C114.6 0 0 114.6 0 256c0 141.4 114.6 256 256 256s256-114.6 256-256C512 114.6 397.4 0 256 0zM406.6 278.6l-103.1 103.1c-12.5 12.5-32.75 12.5-45.25 0s-12.5-32.75 0-45.25L306.8 288H128C110.3 288 96 273.7 96 256s14.31-32 32-32h178.8l-49.38-49.38c-12.5-12.5-12.5-32.75 0-45.25s32.75-12.5 45.25 0l103.1 103.1C414.6 241.3 416 251.1 416 256C416 260.9 414.6 270.7 406.6 278.6z\"><\/path><\/svg><\/span><span class=\"uagb-icon-list__label\">Images, videos, and animations (these could either be your own or from a stock library)<\/span><\/div>\n\n\n\n<div class=\"wp-block-uagb-icon-list-child uagb-block-f21b53e7\"><span class=\"uagb-icon-list__source-wrap\"><svg xmlns=\"https:\/\/www.w3.org\/2000\/svg\" viewbox=\"0 0 512 512\"><path d=\"M256 0C114.6 0 0 114.6 0 256c0 141.4 114.6 256 256 256s256-114.6 256-256C512 114.6 397.4 0 256 0zM406.6 278.6l-103.1 103.1c-12.5 12.5-32.75 12.5-45.25 0s-12.5-32.75 0-45.25L306.8 288H128C110.3 288 96 273.7 96 256s14.31-32 32-32h178.8l-49.38-49.38c-12.5-12.5-12.5-32.75 0-45.25s32.75-12.5 45.25 0l103.1 103.1C414.6 241.3 416 251.1 416 256C416 260.9 414.6 270.7 406.6 278.6z\"><\/path><\/svg><\/span><span class=\"uagb-icon-list__label\">Typography<\/span><\/div>\n\n\n\n<div class=\"wp-block-uagb-icon-list-child uagb-block-f3198fb6\"><span class=\"uagb-icon-list__source-wrap\"><svg xmlns=\"https:\/\/www.w3.org\/2000\/svg\" viewbox=\"0 0 512 512\"><path d=\"M256 0C114.6 0 0 114.6 0 256c0 141.4 114.6 256 256 256s256-114.6 256-256C512 114.6 397.4 0 256 0zM406.6 278.6l-103.1 103.1c-12.5 12.5-32.75 12.5-45.25 0s-12.5-32.75 0-45.25L306.8 288H128C110.3 288 96 273.7 96 256s14.31-32 32-32h178.8l-49.38-49.38c-12.5-12.5-12.5-32.75 0-45.25s32.75-12.5 45.25 0l103.1 103.1C414.6 241.3 416 251.1 416 256C416 260.9 414.6 270.7 406.6 278.6z\"><\/path><\/svg><\/span><span class=\"uagb-icon-list__label\">Link structure, navigation, drop-down menus, call to actions, taglines, and more<\/span><\/div>\n\n\n\n<div class=\"wp-block-uagb-icon-list-child uagb-block-9894eb11\"><span class=\"uagb-icon-list__source-wrap\"><svg xmlns=\"https:\/\/www.w3.org\/2000\/svg\" viewbox=\"0 0 512 512\"><path d=\"M256 0C114.6 0 0 114.6 0 256c0 141.4 114.6 256 256 256s256-114.6 256-256C512 114.6 397.4 0 256 0zM406.6 278.6l-103.1 103.1c-12.5 12.5-32.75 12.5-45.25 0s-12.5-32.75 0-45.25L306.8 288H128C110.3 288 96 273.7 96 256s14.31-32 32-32h178.8l-49.38-49.38c-12.5-12.5-12.5-32.75 0-45.25s32.75-12.5 45.25 0l103.1 103.1C414.6 241.3 416 251.1 416 256C416 260.9 414.6 270.7 406.6 278.6z\"><\/path><\/svg><\/span><span class=\"uagb-icon-list__label\">Customized forms<\/span><\/div>\n<\/div><\/div>\n<\/details>\n\n\n\n<details class=\"wp-block-details is-layout-flow wp-block-details-is-layout-flow\"><summary>SEO<br><br><\/summary>\n<p>Your website needs to be visible, not just look good. That\u2019s why we ensure that your website is SEO-friendly, so it appears in Google\u2019s search results. <\/p>\n\n\n\n<p><em>Please note that it usually takes up to 6 months for Google to fully index your site, and it may take some time before it starts appearing in search results. <\/em>i google.<\/p>\n<\/details>\n<\/div>\n\n\n\n<div class=\"wp-block-group has-global-padding is-layout-constrained wp-container-core-group-is-layout-1aca62c3 wp-block-group-is-layout-constrained\" style=\"padding-right:var(--wp--preset--spacing--x-small);padding-left:var(--wp--preset--spacing--x-small)\">\n<h3 class=\"wp-block-heading has-black-color has-text-color has-link-color wp-elements-83f3cfad829f017136ab7b1ab2fd5470\">Free revisions<\/h3>\n\n\n\n<p>Our collaboration with our clients does not end after payment. We offer all our clients free revisions of the website content. Revisions refer to corrections, not new text content or major changes to the text content. If you need further assistance with your website some time after the work has been completed (which does not involve minor corrections), we charge a fee of 500 SEK per hour for this.<\/p>\n<\/div>\n\n\n\n<div class=\"wp-block-group has-global-padding is-layout-constrained wp-container-core-group-is-layout-1aca62c3 wp-block-group-is-layout-constrained\" style=\"padding-right:var(--wp--preset--spacing--x-small);padding-left:var(--wp--preset--spacing--x-small)\">\n<h3 class=\"wp-block-heading has-black-color has-text-color has-link-color wp-elements-e71cfd0d26565b1ed3717d096c559de3\">Deposit<\/h3>\n\n\n\n<p>We always charge 50% of the cost for our services at the start of each project. This is simply to ensure that we are paid for our work. Before you pay the deposit, we will sketch a design draft of the homepage. If you're satisfied, you pay the deposit and we proceed with the work. If you're not satisfied? No worries! You pay nothing, and we part ways, hopefully as friends.<\/p>\n<\/div>\n\n\n\n<div class=\"wp-block-group has-global-padding is-layout-constrained wp-container-core-group-is-layout-1aca62c3 wp-block-group-is-layout-constrained\" style=\"padding-right:var(--wp--preset--spacing--x-small);padding-left:var(--wp--preset--spacing--x-small)\">\n<h3 class=\"wp-block-heading has-black-color has-text-color has-link-color wp-elements-010d53bf93446abf281fcf2e0b29f678\">Not satisfied?<\/h3>\n\n\n\n<p>This far, none of our clients have been dissatisfied. This is something we are very proud of and will continue to strive for. We always gratefully receive our clients' feedback and do everything we can to ensure your website looks exactly how you want it. By blending your vision with our expertise, we can be confident that you will be satisfied with your site. Should you, against all odds, not be satisfied with your website, we prioritize fixing any mistakes as quickly as possible. Our method for ensuring client satisfaction involves three steps. Specifically, three meetings where we go through your website.<\/p>\n\n\n\n<div style=\"height:7px\" aria-hidden=\"true\" class=\"wp-block-spacer\"><\/div>\n<\/div>\n\n\n\n<div class=\"wp-block-group has-global-padding is-layout-constrained wp-container-core-group-is-layout-1aca62c3 wp-block-group-is-layout-constrained\" style=\"padding-right:var(--wp--preset--spacing--x-small);padding-left:var(--wp--preset--spacing--x-small)\">\n<h3 class=\"wp-block-heading has-black-color has-text-color has-link-color wp-elements-4ee16247a1c1491abc00d1b6ae3f7bcc\">The process<\/h3>\n\n\n\n<div class=\"wp-block-group has-global-padding is-layout-constrained wp-block-group-is-layout-constrained\" style=\"padding-top:var(--wp--preset--spacing--x-small);padding-bottom:var(--wp--preset--spacing--x-small)\">\n<h4 class=\"wp-block-heading has-black-color has-text-color has-link-color wp-elements-05ccb1bf23d5d0b84d2510225bdeffc7\">First meeting<\/h4>\n\n\n\n<p>At the first meeting, we gather information and ask questions that help us get an understanding of what your company needs. We also leave room for you to ask any questions you may have.<\/p>\n\n\n\n<ul class=\"wp-block-list\">\n<li>Get to know you and understand your needs and your needs for the website. <br>(e.g., information and booking)<\/li>\n\n\n\n<li>Collect elements related to the company's brand (logos, specific colors, and any privacy policy or similar requirements).<\/li>\n\n\n\n<li>We collect creative requests (if you have any), which include color, fonts, and tone of voice (if you have ordered copywriting), among others.<\/li>\n\n\n\n<li>Collect technical requirements for the website. This refers to any needs you may have that are not standard on all websites. For example, a login portal or a webshop. <\/li>\n\n\n\n<li>We set the deadline for the scope of the work.<\/li>\n<\/ul>\n\n\n\n<p>After the first meeting, we sketch a design proposal in website format. Many sketch designs using various drawing tools, but we find it easiest to visualize how a website will look by sketching the design in website format.<\/p>\n\n\n\n<p>When we have a design proposal ready, we send a link to a temporary website via email, where you can calmly review what works\/doesn't work, if we misunderstood something, and if you've thought of anything afterward that wasn't discussed in the first meeting.<\/p>\n<\/div>\n\n\n\n<div class=\"wp-block-group has-global-padding is-layout-constrained wp-block-group-is-layout-constrained\" style=\"padding-top:var(--wp--preset--spacing--x-small);padding-bottom:var(--wp--preset--spacing--x-small)\">\n<h4 class=\"wp-block-heading has-black-color has-text-color has-link-color wp-elements-eb52598c7ce544b31b9fa1f0cabf9433\">Second meeting<\/h4>\n\n\n\n<p>At the second meeting, we present a proposal for how your website can look at its best based on our previous correspondence. We see this meeting as an opportunity for you to provide larger revision suggestions for the website.<\/p>\n\n\n\n<p>This is your chance to suggest larger and more extensive adjustments. For example, adding an extra page, changing the page layout, or altering the color palette.<\/p>\n<\/div>\n\n\n\n<div class=\"wp-block-group has-global-padding is-layout-constrained wp-block-group-is-layout-constrained\" style=\"padding-top:var(--wp--preset--spacing--x-small);padding-bottom:var(--wp--preset--spacing--x-small)\">\n<h4 class=\"wp-block-heading has-black-color has-text-color has-link-color wp-elements-cc1494b76152287cba38429c47cf5fd1\">Third meeting<\/h4>\n\n\n\n<p>Based on the first two meetings, we believe we have a very good understanding of what you like and need. It is now that we present your long-awaited website. But, what happens if you're not satisfied? Of course, we will listen to your feedback and make changes\/add what\u2019s missing or remove what you dislike. This session serves as an opportunity for you to provide smaller revision suggestions.<\/p>\n<\/div>\n\n\n\n<div class=\"wp-block-group has-global-padding is-layout-constrained wp-block-group-is-layout-constrained\" style=\"padding-top:var(--wp--preset--spacing--x-small);padding-bottom:var(--wp--preset--spacing--x-small)\">\n<h4 class=\"wp-block-heading has-black-color has-text-color has-link-color wp-elements-77d5e26aa6700c63ef33ad9ccc931c58\">Last revision<\/h4>\n\n\n\n<p>Finally, the website is ready, but we won\u2019t be satisfied until you are. If we haven't fulfilled your revisions as expected, you\u2019ll have a chance to help us correct any mistakes. After this, no more free revisions are included, so be sure to carefully review your new site!<\/p>\n\n\n\n<p>Of course, you can come back to us days, months, or years later for further updates to the website\u2019s content!<\/p>\n<\/div>\n\n\n\n<div class=\"wp-block-group has-global-padding is-layout-constrained wp-block-group-is-layout-constrained\" style=\"padding-top:var(--wp--preset--spacing--x-small);padding-bottom:var(--wp--preset--spacing--x-small)\">\n<h4 class=\"wp-block-heading has-black-color has-text-color has-link-color wp-elements-3e6f36c52759ebf200b329f2e04e40c5\">Good to know:<\/h4>\n\n\n\n<ul class=\"wp-block-list\">\n<li>Neither meetings nor revisions are invoiced (up to a reasonable limit. If you need more than the assigned meetings and a large number of revisions, you will be invoiced for these).<\/li>\n\n\n\n<li>We do not charge a fee for questions via email. We want to encourage curiosity about your new website.<\/li>\n<\/ul>\n\n\n\n<p><\/p>\n<\/div>\n<\/div>","protected":false},"excerpt":{"rendered":"<p>Vad ing\u00e5r i min hemsida? Alla hemsidor \u00e4r olika men vi har l\u00e4rt oss att processen att skapa hemsidan ofta \u00e4r densamma. De flesta hemsidor landar p\u00e5 7 sidor och inneh\u00e5ller sidinneh\u00e5ll och grundl\u00e4ggande webbutveckling. Vi tar en extra avgift p\u00e5 1000kr per ytterligare sida om du beh\u00f6ver fler. Vi designar hemsidan att fungera p\u00e5 [&hellip;]<\/p>\n","protected":false},"author":1,"featured_media":0,"parent":0,"menu_order":0,"comment_status":"closed","ping_status":"closed","template":"","meta":{"_uag_custom_page_level_css":"","_swt_meta_header_display":false,"_swt_meta_footer_display":false,"_swt_meta_site_title_display":false,"_swt_meta_sticky_header":false,"_swt_meta_transparent_header":true,"cybocfi_hide_featured_image":"","footnotes":""},"class_list":["post-454","page","type-page","status-publish","hentry"],"yoast_head":"<!-- This site is optimized with the Yoast SEO plugin v27.5 - https:\/\/yoast.com\/product\/yoast-seo-wordpress\/ -->\n<title>villkor &amp; \u00f6verrenskommelser - Hagman Digital<\/title>\n<meta name=\"robots\" content=\"index, follow, max-snippet:-1, max-image-preview:large, max-video-preview:-1\" \/>\n<link rel=\"canonical\" href=\"https:\/\/www.malvinhagman.se\/en\/villkor-overrenskommelser\/\" \/>\n<meta property=\"og:locale\" content=\"en_US\" \/>\n<meta property=\"og:type\" content=\"article\" \/>\n<meta property=\"og:title\" content=\"villkor &amp; \u00f6verrenskommelser - Hagman Digital\" \/>\n<meta property=\"og:description\" content=\"Vad ing\u00e5r i min hemsida? Alla hemsidor \u00e4r olika men vi har l\u00e4rt oss att processen att skapa hemsidan ofta \u00e4r densamma. De flesta hemsidor landar p\u00e5 7 sidor och inneh\u00e5ller sidinneh\u00e5ll och grundl\u00e4ggande webbutveckling. Vi tar en extra avgift p\u00e5 1000kr per ytterligare sida om du beh\u00f6ver fler. Vi designar hemsidan att fungera p\u00e5 [&hellip;]\" \/>\n<meta property=\"og:url\" content=\"https:\/\/www.malvinhagman.se\/en\/villkor-overrenskommelser\/\" \/>\n<meta property=\"og:site_name\" content=\"Hagman Digital\" \/>\n<meta property=\"article:modified_time\" content=\"2025-01-08T15:24:46+00:00\" \/>\n<meta name=\"twitter:card\" content=\"summary_large_image\" \/>\n<meta name=\"twitter:label1\" content=\"Est. reading time\" \/>\n\t<meta name=\"twitter:data1\" content=\"6 minutes\" \/>\n<script type=\"application\/ld+json\" class=\"yoast-schema-graph\">{\"@context\":\"https:\\\/\\\/schema.org\",\"@graph\":[{\"@type\":\"WebPage\",\"@id\":\"https:\\\/\\\/www.malvinhagman.se\\\/villkor-overrenskommelser\\\/\",\"url\":\"https:\\\/\\\/www.malvinhagman.se\\\/villkor-overrenskommelser\\\/\",\"name\":\"villkor & \u00f6verrenskommelser - Hagman Digital\",\"isPartOf\":{\"@id\":\"https:\\\/\\\/www.malvinhagman.se\\\/#website\"},\"datePublished\":\"2024-04-05T16:54:31+00:00\",\"dateModified\":\"2025-01-08T15:24:46+00:00\",\"breadcrumb\":{\"@id\":\"https:\\\/\\\/www.malvinhagman.se\\\/villkor-overrenskommelser\\\/#breadcrumb\"},\"inLanguage\":\"en-US\",\"potentialAction\":[{\"@type\":\"ReadAction\",\"target\":[\"https:\\\/\\\/www.malvinhagman.se\\\/villkor-overrenskommelser\\\/\"]}]},{\"@type\":\"BreadcrumbList\",\"@id\":\"https:\\\/\\\/www.malvinhagman.se\\\/villkor-overrenskommelser\\\/#breadcrumb\",\"itemListElement\":[{\"@type\":\"ListItem\",\"position\":1,\"name\":\"Home\",\"item\":\"https:\\\/\\\/www.malvinhagman.se\\\/\"},{\"@type\":\"ListItem\",\"position\":2,\"name\":\"villkor &#038; \u00f6verrenskommelser\"}]},{\"@type\":\"WebSite\",\"@id\":\"https:\\\/\\\/www.malvinhagman.se\\\/#website\",\"url\":\"https:\\\/\\\/www.malvinhagman.se\\\/\",\"name\":\"Malvin Hagman\",\"description\":\"F\u00f6rsta intrycket sker online\",\"publisher\":{\"@id\":\"https:\\\/\\\/www.malvinhagman.se\\\/#organization\"},\"potentialAction\":[{\"@type\":\"SearchAction\",\"target\":{\"@type\":\"EntryPoint\",\"urlTemplate\":\"https:\\\/\\\/www.malvinhagman.se\\\/?s={search_term_string}\"},\"query-input\":{\"@type\":\"PropertyValueSpecification\",\"valueRequired\":true,\"valueName\":\"search_term_string\"}}],\"inLanguage\":\"en-US\"},{\"@type\":\"Organization\",\"@id\":\"https:\\\/\\\/www.malvinhagman.se\\\/#organization\",\"name\":\"Hagman Digital\",\"url\":\"https:\\\/\\\/www.malvinhagman.se\\\/\",\"logo\":{\"@type\":\"ImageObject\",\"inLanguage\":\"en-US\",\"@id\":\"https:\\\/\\\/www.malvinhagman.se\\\/#\\\/schema\\\/logo\\\/image\\\/\",\"url\":\"https:\\\/\\\/www.malvinhagman.se\\\/wp-content\\\/uploads\\\/2025\\\/01\\\/Hagman.png\",\"contentUrl\":\"https:\\\/\\\/www.malvinhagman.se\\\/wp-content\\\/uploads\\\/2025\\\/01\\\/Hagman.png\",\"width\":500,\"height\":500,\"caption\":\"Hagman Digital\"},\"image\":{\"@id\":\"https:\\\/\\\/www.malvinhagman.se\\\/#\\\/schema\\\/logo\\\/image\\\/\"},\"sameAs\":[\"https:\\\/\\\/www.linkedin.com\\\/in\\\/malvin-hagman-6a2863188\\\/\"]}]}<\/script>\n<!-- \/ Yoast SEO plugin. -->","yoast_head_json":{"title":"villkor & \u00f6verrenskommelser - Hagman Digital","robots":{"index":"index","follow":"follow","max-snippet":"max-snippet:-1","max-image-preview":"max-image-preview:large","max-video-preview":"max-video-preview:-1"},"canonical":"https:\/\/www.malvinhagman.se\/en\/villkor-overrenskommelser\/","og_locale":"en_US","og_type":"article","og_title":"villkor & \u00f6verrenskommelser - Hagman Digital","og_description":"Vad ing\u00e5r i min hemsida? Alla hemsidor \u00e4r olika men vi har l\u00e4rt oss att processen att skapa hemsidan ofta \u00e4r densamma. De flesta hemsidor landar p\u00e5 7 sidor och inneh\u00e5ller sidinneh\u00e5ll och grundl\u00e4ggande webbutveckling. Vi tar en extra avgift p\u00e5 1000kr per ytterligare sida om du beh\u00f6ver fler. Vi designar hemsidan att fungera p\u00e5 [&hellip;]","og_url":"https:\/\/www.malvinhagman.se\/en\/villkor-overrenskommelser\/","og_site_name":"Hagman Digital","article_modified_time":"2025-01-08T15:24:46+00:00","twitter_card":"summary_large_image","twitter_misc":{"Est. reading time":"6 minutes"},"schema":{"@context":"https:\/\/schema.org","@graph":[{"@type":"WebPage","@id":"https:\/\/www.malvinhagman.se\/villkor-overrenskommelser\/","url":"https:\/\/www.malvinhagman.se\/villkor-overrenskommelser\/","name":"villkor & \u00f6verrenskommelser - Hagman Digital","isPartOf":{"@id":"https:\/\/www.malvinhagman.se\/#website"},"datePublished":"2024-04-05T16:54:31+00:00","dateModified":"2025-01-08T15:24:46+00:00","breadcrumb":{"@id":"https:\/\/www.malvinhagman.se\/villkor-overrenskommelser\/#breadcrumb"},"inLanguage":"en-US","potentialAction":[{"@type":"ReadAction","target":["https:\/\/www.malvinhagman.se\/villkor-overrenskommelser\/"]}]},{"@type":"BreadcrumbList","@id":"https:\/\/www.malvinhagman.se\/villkor-overrenskommelser\/#breadcrumb","itemListElement":[{"@type":"ListItem","position":1,"name":"Home","item":"https:\/\/www.malvinhagman.se\/"},{"@type":"ListItem","position":2,"name":"villkor &#038; \u00f6verrenskommelser"}]},{"@type":"WebSite","@id":"https:\/\/www.malvinhagman.se\/#website","url":"https:\/\/www.malvinhagman.se\/","name":"Malvin Hagman","description":"F\u00f6rsta intrycket sker online","publisher":{"@id":"https:\/\/www.malvinhagman.se\/#organization"},"potentialAction":[{"@type":"SearchAction","target":{"@type":"EntryPoint","urlTemplate":"https:\/\/www.malvinhagman.se\/?s={search_term_string}"},"query-input":{"@type":"PropertyValueSpecification","valueRequired":true,"valueName":"search_term_string"}}],"inLanguage":"en-US"},{"@type":"Organization","@id":"https:\/\/www.malvinhagman.se\/#organization","name":"Hagman Digital","url":"https:\/\/www.malvinhagman.se\/","logo":{"@type":"ImageObject","inLanguage":"en-US","@id":"https:\/\/www.malvinhagman.se\/#\/schema\/logo\/image\/","url":"https:\/\/www.malvinhagman.se\/wp-content\/uploads\/2025\/01\/Hagman.png","contentUrl":"https:\/\/www.malvinhagman.se\/wp-content\/uploads\/2025\/01\/Hagman.png","width":500,"height":500,"caption":"Hagman Digital"},"image":{"@id":"https:\/\/www.malvinhagman.se\/#\/schema\/logo\/image\/"},"sameAs":["https:\/\/www.linkedin.com\/in\/malvin-hagman-6a2863188\/"]}]}},"uagb_featured_image_src":{"full":false,"thumbnail":false,"medium":false,"medium_large":false,"large":false,"1536x1536":false,"2048x2048":false,"trp-custom-language-flag":false},"uagb_author_info":{"display_name":false,"author_link":"https:\/\/www.malvinhagman.se\/en\/author\/kevinmcallisteradmin\/"},"uagb_comment_info":0,"uagb_excerpt":"Vad ing\u00e5r i min hemsida? Alla hemsidor \u00e4r olika men vi har l\u00e4rt oss att processen att skapa hemsidan ofta \u00e4r densamma. De flesta hemsidor landar p\u00e5 7 sidor och inneh\u00e5ller sidinneh\u00e5ll och grundl\u00e4ggande webbutveckling. Vi tar en extra avgift p\u00e5 1000kr per ytterligare sida om du beh\u00f6ver fler. Vi designar hemsidan att fungera p\u00e5&hellip;","_links":{"self":[{"href":"https:\/\/www.malvinhagman.se\/en\/wp-json\/wp\/v2\/pages\/454","targetHints":{"allow":["GET"]}}],"collection":[{"href":"https:\/\/www.malvinhagman.se\/en\/wp-json\/wp\/v2\/pages"}],"about":[{"href":"https:\/\/www.malvinhagman.se\/en\/wp-json\/wp\/v2\/types\/page"}],"author":[{"embeddable":true,"href":"https:\/\/www.malvinhagman.se\/en\/wp-json\/wp\/v2\/users\/1"}],"replies":[{"embeddable":true,"href":"https:\/\/www.malvinhagman.se\/en\/wp-json\/wp\/v2\/comments?post=454"}],"version-history":[{"count":23,"href":"https:\/\/www.malvinhagman.se\/en\/wp-json\/wp\/v2\/pages\/454\/revisions"}],"predecessor-version":[{"id":3849,"href":"https:\/\/www.malvinhagman.se\/en\/wp-json\/wp\/v2\/pages\/454\/revisions\/3849"}],"wp:attachment":[{"href":"https:\/\/www.malvinhagman.se\/en\/wp-json\/wp\/v2\/media?parent=454"}],"curies":[{"name":"wp","href":"https:\/\/api.w.org\/{rel}","templated":true}]}}