{"id":3445,"date":"2025-01-03T17:27:58","date_gmt":"2025-01-03T15:27:58","guid":{"rendered":"https:\/\/www.malvinhagman.se\/?page_id=3445"},"modified":"2025-03-12T19:27:15","modified_gmt":"2025-03-12T17:27:15","slug":"tjanster","status":"publish","type":"page","link":"https:\/\/www.malvinhagman.se\/en\/tjanster\/","title":{"rendered":"Services"},"content":{"rendered":"<div class=\"wp-block-cover alignfull is-light\" style=\"min-height:834px;aspect-ratio:unset;\"><span aria-hidden=\"true\" class=\"wp-block-cover__background has-custom-color-2-background-color has-background-dim-10 has-background-dim\"><\/span><img loading=\"lazy\" decoding=\"async\" width=\"1117\" height=\"768\" sizes=\"auto, (max-width: 799px) 200vw, (max-width: 1117px) 100vw, 1117px\" class=\"wp-block-cover__image-background wp-image-3741\" alt=\"\" src=\"https:\/\/www.malvinhagman.se\/wp-content\/uploads\/2025\/01\/bollar.png\" style=\"object-position:56% 54%\" data-object-fit=\"cover\" data-object-position=\"56% 54%\" srcset=\"https:\/\/www.malvinhagman.se\/wp-content\/uploads\/2025\/01\/bollar.png 1117w, https:\/\/www.malvinhagman.se\/wp-content\/uploads\/2025\/01\/bollar-300x206.png 300w, https:\/\/www.malvinhagman.se\/wp-content\/uploads\/2025\/01\/bollar-1024x704.png 1024w, https:\/\/www.malvinhagman.se\/wp-content\/uploads\/2025\/01\/bollar-768x528.png 768w\" \/><div class=\"wp-block-cover__inner-container has-global-padding is-layout-constrained wp-block-cover-is-layout-constrained\">\n<div class=\"wp-block-group has-global-padding is-layout-constrained wp-container-core-group-is-layout-3a820303 wp-block-group-is-layout-constrained\" style=\"padding-right:var(--wp--preset--spacing--small);padding-left:var(--wp--preset--spacing--small)\">\n<h1 class=\"wp-block-heading has-text-align-center has-custom-off-white-color has-text-color has-link-color has-next-art-font-family wp-elements-ab1535ad0eb9f1d23d45cf363a415ea5\" style=\"font-style:normal;font-weight:900\">Services<\/h1>\n\n\n\n<p class=\"has-text-align-center has-custom-off-white-color has-text-color has-link-color wp-elements-f652dc932a5aacec6c7723479bb402af\">Here you will find information about the services we offer. For pricing information and general details about how we work, please click the corresponding button below.<\/p>\n\n\n\n<div class=\"wp-block-buttons is-content-justification-center is-layout-flex wp-container-core-buttons-is-layout-a89b3969 wp-block-buttons-is-layout-flex\">\n<div class=\"wp-block-button is-style-outline is-style-outline--1\"><a class=\"wp-block-button__link has-custom-off-white-color has-text-color has-link-color has-border-color has-custom-off-white-border-color wp-element-button\" href=\"https:\/\/www.malvinhagman.se\/en\/priser\/\" style=\"border-width:2px\">Pricing<\/a><\/div>\n\n\n\n<div class=\"wp-block-button is-style-outline is-style-outline--2\"><a class=\"wp-block-button__link has-custom-off-white-color has-text-color has-link-color has-border-color has-custom-off-white-border-color wp-element-button\" href=\"https:\/\/www.malvinhagman.se\/en\/villkor-overrenskommelser\/\" style=\"border-width:2px\">General information<\/a><\/div>\n<\/div>\n<\/div>\n<\/div><\/div>\n\n\n\n<div class=\"wp-block-group alignwide has-global-padding is-layout-constrained wp-block-group-is-layout-constrained\">\n<div class=\"wp-block-columns alignwide is-layout-flex wp-container-core-columns-is-layout-0aa3a064 wp-block-columns-is-layout-flex\" style=\"padding-right:var(--wp--preset--spacing--x-small);padding-left:var(--wp--preset--spacing--x-small)\">\n<div class=\"wp-block-column is-layout-flow wp-block-column-is-layout-flow\" style=\"flex-basis:60%\">\n<h2 class=\"wp-block-heading has-custom-color-2-color has-text-color has-link-color has-next-art-font-family wp-elements-92b99dfe2e1d7cce166da54b8a5c50c4\" style=\"font-style:normal;font-weight:900\">Web design<\/h2>\n\n\n\n<p>In the 90s, building a website was difficult. You had to know how to code and be somewhat of a tech genius. Nowadays, technology has made it easier to create a website. However, something that technology unfortunately can't help with is the design itself. Web design doesn\u2019t just mean creating a website; web design means making the website user-friendly, aesthetically pleasing, and strategically tailored to your needs.<\/p>\n\n\n\n<p>Have you ever visited a website that felt pleasant to use? That\u2019s the essence of web design. Presenting information in an engaging way with color, animation, whitespace, and user-friendliness is good web design. Good web design leads to curious visitors, and curious visitors lead to curious customers. We probably don\u2019t need to explain what curious customers usually do..<\/p>\n\n\n\n<p>At Hagman Digital, we carefully plan all aspects that make up good web design. Some of these aspects are:<\/p>\n\n\n\n<ul class=\"wp-block-list\">\n<li><strong>Hierarchy\/Layout<\/strong> \u2013 Which information is the most important and interesting?<\/li>\n\n\n\n<li><strong>Color psychology<\/strong> What feeling do you want to convey with your website?<\/li>\n\n\n\n<li><strong>Typography<\/strong> \u2013 The art of choosing the fonts that best reflect your business.<\/li>\n\n\n\n<li><strong>Navigation design<\/strong> \u2013 Structuring information and subpages.<\/li>\n<\/ul>\n\n\n\n<p>The technical craftsmanship is just as important and is also included in the concept. <strong>design<\/strong>Here are a few words that describe the technical work:<\/p>\n\n\n\n<ul class=\"wp-block-list\">\n<li><strong>Responsiveness<\/strong> The website looks good on all devices.<\/li>\n\n\n\n<li><strong>Performance<\/strong> A fast website.<\/li>\n\n\n\n<li><strong>Domain management<\/strong> Do you already have a domain name? We can help you transfer it to your new website.<\/li>\n\n\n\n<li><strong>Unique technical requirements<\/strong> \u2013 Something on your website that is not standard for all websites. For example, password-protected content, an online store, or a login portal.<\/li>\n<\/ul>\n<\/div>\n\n\n\n<div class=\"wp-block-column is-layout-flow wp-block-column-is-layout-flow\">\n<figure class=\"wp-block-image size-large\"><img loading=\"lazy\" decoding=\"async\" width=\"1024\" height=\"1024\" src=\"https:\/\/www.malvinhagman.se\/wp-content\/uploads\/2024\/12\/Website-Launch-1024x1024.png\" alt=\"\" class=\"wp-image-2690\" srcset=\"https:\/\/www.malvinhagman.se\/wp-content\/uploads\/2024\/12\/Website-Launch-1024x1024.png 1024w, https:\/\/www.malvinhagman.se\/wp-content\/uploads\/2024\/12\/Website-Launch-300x300.png 300w, https:\/\/www.malvinhagman.se\/wp-content\/uploads\/2024\/12\/Website-Launch-150x150.png 150w, https:\/\/www.malvinhagman.se\/wp-content\/uploads\/2024\/12\/Website-Launch-768x768.png 768w, https:\/\/www.malvinhagman.se\/wp-content\/uploads\/2024\/12\/Website-Launch.png 1080w\" sizes=\"auto, (max-width: 1024px) 100vw, 1024px\" \/><\/figure>\n<\/div>\n<\/div>\n\n\n\n<div class=\"wp-block-columns alignwide is-layout-flex wp-container-core-columns-is-layout-0aa3a064 wp-block-columns-is-layout-flex\" style=\"padding-right:var(--wp--preset--spacing--x-small);padding-left:var(--wp--preset--spacing--x-small)\">\n<div class=\"wp-block-column is-layout-flow wp-block-column-is-layout-flow\" style=\"flex-basis:60%\">\n<h2 class=\"wp-block-heading has-custom-color-2-color has-text-color has-link-color has-next-art-font-family wp-elements-9c3acd302fd3c9eabec14f476438f050\" style=\"font-style:normal;font-weight:900\">SEO &amp; marketing<\/h2>\n\n\n\n<p><strong>SEO<\/strong>&nbsp;stands for&nbsp;<strong>Search engine optimization.<\/strong>It\u2019s a way to make your website appear higher in <strong>search results on Google and other search engines.<\/strong> The goal of SEO is to get more visitors to your website without having to pay for ads.<\/p>\n\n\n\n<p>When you purchase web design from us, basic SEO is always included in the work (on-page SEO and some technical SEO). For many of our clients, this is usually sufficient. However, if you are in a competitive industry, it may be a good idea to implement more than just basic SEO on a one-time basis.&nbsp;<\/p>\n\n\n\n<p>Visibility on Google takes time and often requires significant effort. Therefore, it might be a good idea to have ongoing SEO updates on a monthly basis. Similarly, if you\u2019re only interested in SEO services, we can assist with that as well.<\/p>\n\n\n\n<p>What do we focus on when working with SEO?<\/p>\n\n\n\n<ul class=\"wp-block-list\">\n<li>On-page SEO\n<ul class=\"wp-block-list\">\n<li>Internal link structure<\/li>\n\n\n\n<li>Relevant keywords<\/li>\n\n\n\n<li>Meta description<\/li>\n<\/ul>\n<\/li>\n\n\n\n<li>Technical SEO\n<ul class=\"wp-block-list\">\n<li>Sitemaps<\/li>\n\n\n\n<li>Optimized images<\/li>\n\n\n\n<li>Minified code<\/li>\n<\/ul>\n<\/li>\n<\/ul>\n<\/div>\n\n\n\n<div class=\"wp-block-column is-layout-flow wp-block-column-is-layout-flow\">\n<figure class=\"wp-block-image size-large\"><img loading=\"lazy\" decoding=\"async\" width=\"1024\" height=\"1024\" src=\"https:\/\/www.malvinhagman.se\/wp-content\/uploads\/2024\/12\/Website-Launch-1-1024x1024.png\" alt=\"\" class=\"wp-image-2798\" srcset=\"https:\/\/www.malvinhagman.se\/wp-content\/uploads\/2024\/12\/Website-Launch-1-1024x1024.png 1024w, https:\/\/www.malvinhagman.se\/wp-content\/uploads\/2024\/12\/Website-Launch-1-300x300.png 300w, https:\/\/www.malvinhagman.se\/wp-content\/uploads\/2024\/12\/Website-Launch-1-150x150.png 150w, https:\/\/www.malvinhagman.se\/wp-content\/uploads\/2024\/12\/Website-Launch-1-768x768.png 768w, https:\/\/www.malvinhagman.se\/wp-content\/uploads\/2024\/12\/Website-Launch-1.png 1080w\" sizes=\"auto, (max-width: 1024px) 100vw, 1024px\" \/><\/figure>\n<\/div>\n<\/div>\n\n\n\n<div class=\"wp-block-columns alignwide is-layout-flex wp-container-core-columns-is-layout-0aa3a064 wp-block-columns-is-layout-flex\" style=\"padding-right:var(--wp--preset--spacing--x-small);padding-left:var(--wp--preset--spacing--x-small)\">\n<div class=\"wp-block-column is-layout-flow wp-block-column-is-layout-flow\" style=\"flex-basis:60%\">\n<h2 class=\"wp-block-heading has-custom-color-2-color has-text-color has-link-color has-next-art-font-family wp-elements-ed75accff97df2224ac383ff44346f4f\" style=\"font-style:normal;font-weight:900\">Tech support<\/h2>\n\n\n\n<p>You don't need to have a website built by us to receive technical support. If you already have a website that you're happy with but encounter some technical difficulties, we are happy to help resolve these issues.<\/p>\n\n\n\n<p>For those who need technical support and are not existing customers, we charge a fee of 800 SEK per hour. Before we begin, you will receive a free quote.<\/p>\n\n\n\n<p>Usual problems we can help with are:<\/p>\n\n\n\n<ul class=\"wp-block-list\">\n<li>General problem in editing<\/li>\n\n\n\n<li>Slow response time<\/li>\n\n\n\n<li>Non-responsive design elements <br>(meaning: some parts of a website looks worse on mobile than computer)<\/li>\n\n\n\n<li>CSS solutions<\/li>\n\n\n\n<li>Lack of relevant web content<\/li>\n<\/ul>\n<\/div>\n\n\n\n<div class=\"wp-block-column is-layout-flow wp-block-column-is-layout-flow\">\n<figure class=\"wp-block-image size-large\"><img loading=\"lazy\" decoding=\"async\" width=\"683\" height=\"1024\" src=\"https:\/\/www.malvinhagman.se\/wp-content\/uploads\/2024\/12\/pexels-canvastudio-3194519-683x1024.jpg\" alt=\"\" class=\"wp-image-3418\" srcset=\"https:\/\/www.malvinhagman.se\/wp-content\/uploads\/2024\/12\/pexels-canvastudio-3194519-683x1024.jpg 683w, https:\/\/www.malvinhagman.se\/wp-content\/uploads\/2024\/12\/pexels-canvastudio-3194519-200x300.jpg 200w, https:\/\/www.malvinhagman.se\/wp-content\/uploads\/2024\/12\/pexels-canvastudio-3194519-768x1152.jpg 768w, https:\/\/www.malvinhagman.se\/wp-content\/uploads\/2024\/12\/pexels-canvastudio-3194519-1024x1536.jpg 1024w, https:\/\/www.malvinhagman.se\/wp-content\/uploads\/2024\/12\/pexels-canvastudio-3194519-1365x2048.jpg 1365w, https:\/\/www.malvinhagman.se\/wp-content\/uploads\/2024\/12\/pexels-canvastudio-3194519-scaled.jpg 1707w\" sizes=\"auto, (max-width: 683px) 100vw, 683px\" \/><\/figure>\n<\/div>\n<\/div>\n<\/div>\n\n\n\n<div class=\"wp-block-cover alignfull\"><span aria-hidden=\"true\" class=\"wp-block-cover__background has-custom-gr-n-background-color has-background-dim-60 has-background-dim\"><\/span><img loading=\"lazy\" decoding=\"async\" width=\"1117\" height=\"768\" sizes=\"auto, (max-width: 799px) 200vw, (max-width: 1117px) 100vw, 1117px\" class=\"wp-block-cover__image-background wp-image-3262\" alt=\"\" src=\"https:\/\/www.malvinhagman.se\/wp-content\/uploads\/2024\/12\/bollar-2-1.png\" data-object-fit=\"cover\" srcset=\"https:\/\/www.malvinhagman.se\/wp-content\/uploads\/2024\/12\/bollar-2-1.png 1117w, https:\/\/www.malvinhagman.se\/wp-content\/uploads\/2024\/12\/bollar-2-1-300x206.png 300w, https:\/\/www.malvinhagman.se\/wp-content\/uploads\/2024\/12\/bollar-2-1-1024x704.png 1024w, https:\/\/www.malvinhagman.se\/wp-content\/uploads\/2024\/12\/bollar-2-1-768x528.png 768w\" \/><div class=\"wp-block-cover__inner-container has-global-padding is-layout-constrained wp-block-cover-is-layout-constrained\">\n<div class=\"wp-block-group has-global-padding is-layout-constrained wp-block-group-is-layout-constrained\">\n<h2 class=\"wp-block-heading has-text-align-center has-custom-color-2-color has-text-color has-link-color has-next-art-font-family wp-elements-48aa5fbfc03cb0014ef14dfdc9d8bfc3\" style=\"font-style:normal;font-weight:600\">Do you want more information about our services?<\/h2>\n\n\n\n<p class=\"has-text-align-center\">If you have any questions that haven't been answered, feel free to contact us and ask more questions. We hope to provide you with more clarity!<\/p>\n\n\n\n<p class=\"has-text-align-center\">Contact us at: info@malvinhagman.se<\/p>\n<\/div>\n<\/div><\/div>","protected":false},"excerpt":{"rendered":"<p>Webbdesign P\u00e5 90-talet var det sv\u00e5rt att bygga en hemsida. Du beh\u00f6vde kunna kod och vara lite av ett datasnille. Nu f\u00f6r tiden har tekniken gjort det enklare att g\u00f6ra en hemsida. N\u00e5got som teknik tyv\u00e4rr inte kan hj\u00e4lpa till med \u00e4r sj\u00e4lva designen. Webbdesign inneb\u00e4r inte att man skapar en hemsida; webbdesign inneb\u00e4r att [&hellip;]<\/p>\n","protected":false},"author":1,"featured_media":0,"parent":0,"menu_order":0,"comment_status":"closed","ping_status":"closed","template":"","meta":{"_uag_custom_page_level_css":"","_swt_meta_header_display":false,"_swt_meta_footer_display":false,"_swt_meta_site_title_display":true,"_swt_meta_sticky_header":false,"_swt_meta_transparent_header":true,"cybocfi_hide_featured_image":"","footnotes":""},"class_list":["post-3445","page","type-page","status-publish","hentry"],"yoast_head":"<!-- This site is optimized with the Yoast SEO plugin v27.4 - https:\/\/yoast.com\/product\/yoast-seo-wordpress\/ -->\n<title>Tj\u00e4nster - Hagman Digital<\/title>\n<meta name=\"description\" content=\"H\u00e4r hittar du information om de tj\u00e4nster vi tillhandah\u00e5ller. Beh\u00f6ver du hj\u00e4lp med SEO, webbdesign eller teknisk support? D\u00e5 har du hittat r\u00e4tt!\" \/>\n<meta name=\"robots\" content=\"index, follow, max-snippet:-1, max-image-preview:large, max-video-preview:-1\" \/>\n<link rel=\"canonical\" href=\"https:\/\/www.malvinhagman.se\/en\/tjanster\/\" \/>\n<meta property=\"og:locale\" content=\"en_US\" \/>\n<meta property=\"og:type\" content=\"article\" \/>\n<meta property=\"og:title\" content=\"Tj\u00e4nster - Hagman Digital\" \/>\n<meta property=\"og:description\" content=\"H\u00e4r hittar du information om de tj\u00e4nster vi tillhandah\u00e5ller. Beh\u00f6ver du hj\u00e4lp med SEO, webbdesign eller teknisk support? D\u00e5 har du hittat r\u00e4tt!\" \/>\n<meta property=\"og:url\" content=\"https:\/\/www.malvinhagman.se\/en\/tjanster\/\" \/>\n<meta property=\"og:site_name\" content=\"Hagman Digital\" \/>\n<meta property=\"article:modified_time\" content=\"2025-03-12T17:27:15+00:00\" \/>\n<meta property=\"og:image\" content=\"https:\/\/www.malvinhagman.se\/wp-content\/uploads\/2025\/01\/bollar.png\" \/>\n\t<meta property=\"og:image:width\" content=\"1117\" \/>\n\t<meta property=\"og:image:height\" content=\"768\" \/>\n\t<meta property=\"og:image:type\" content=\"image\/png\" \/>\n<meta name=\"twitter:card\" content=\"summary_large_image\" \/>\n<meta name=\"twitter:label1\" content=\"Est. reading time\" \/>\n\t<meta name=\"twitter:data1\" content=\"4 minutes\" \/>\n<script type=\"application\/ld+json\" class=\"yoast-schema-graph\">{\"@context\":\"https:\\\/\\\/schema.org\",\"@graph\":[{\"@type\":\"WebPage\",\"@id\":\"https:\\\/\\\/www.malvinhagman.se\\\/tjanster\\\/\",\"url\":\"https:\\\/\\\/www.malvinhagman.se\\\/tjanster\\\/\",\"name\":\"Tj\u00e4nster - Hagman Digital\",\"isPartOf\":{\"@id\":\"https:\\\/\\\/www.malvinhagman.se\\\/#website\"},\"primaryImageOfPage\":{\"@id\":\"https:\\\/\\\/www.malvinhagman.se\\\/tjanster\\\/#primaryimage\"},\"image\":{\"@id\":\"https:\\\/\\\/www.malvinhagman.se\\\/tjanster\\\/#primaryimage\"},\"thumbnailUrl\":\"https:\\\/\\\/www.malvinhagman.se\\\/wp-content\\\/uploads\\\/2025\\\/01\\\/bollar.png\",\"datePublished\":\"2025-01-03T15:27:58+00:00\",\"dateModified\":\"2025-03-12T17:27:15+00:00\",\"description\":\"H\u00e4r hittar du information om de tj\u00e4nster vi tillhandah\u00e5ller. Beh\u00f6ver du hj\u00e4lp med SEO, webbdesign eller teknisk support? D\u00e5 har du hittat r\u00e4tt!\",\"breadcrumb\":{\"@id\":\"https:\\\/\\\/www.malvinhagman.se\\\/tjanster\\\/#breadcrumb\"},\"inLanguage\":\"en-US\",\"potentialAction\":[{\"@type\":\"ReadAction\",\"target\":[\"https:\\\/\\\/www.malvinhagman.se\\\/tjanster\\\/\"]}]},{\"@type\":\"ImageObject\",\"inLanguage\":\"en-US\",\"@id\":\"https:\\\/\\\/www.malvinhagman.se\\\/tjanster\\\/#primaryimage\",\"url\":\"https:\\\/\\\/www.malvinhagman.se\\\/wp-content\\\/uploads\\\/2025\\\/01\\\/bollar.png\",\"contentUrl\":\"https:\\\/\\\/www.malvinhagman.se\\\/wp-content\\\/uploads\\\/2025\\\/01\\\/bollar.png\"},{\"@type\":\"BreadcrumbList\",\"@id\":\"https:\\\/\\\/www.malvinhagman.se\\\/tjanster\\\/#breadcrumb\",\"itemListElement\":[{\"@type\":\"ListItem\",\"position\":1,\"name\":\"Home\",\"item\":\"https:\\\/\\\/www.malvinhagman.se\\\/\"},{\"@type\":\"ListItem\",\"position\":2,\"name\":\"Tj\u00e4nster\"}]},{\"@type\":\"WebSite\",\"@id\":\"https:\\\/\\\/www.malvinhagman.se\\\/#website\",\"url\":\"https:\\\/\\\/www.malvinhagman.se\\\/\",\"name\":\"Malvin Hagman\",\"description\":\"F\u00f6rsta intrycket sker online\",\"publisher\":{\"@id\":\"https:\\\/\\\/www.malvinhagman.se\\\/#organization\"},\"potentialAction\":[{\"@type\":\"SearchAction\",\"target\":{\"@type\":\"EntryPoint\",\"urlTemplate\":\"https:\\\/\\\/www.malvinhagman.se\\\/?s={search_term_string}\"},\"query-input\":{\"@type\":\"PropertyValueSpecification\",\"valueRequired\":true,\"valueName\":\"search_term_string\"}}],\"inLanguage\":\"en-US\"},{\"@type\":\"Organization\",\"@id\":\"https:\\\/\\\/www.malvinhagman.se\\\/#organization\",\"name\":\"Hagman Digital\",\"url\":\"https:\\\/\\\/www.malvinhagman.se\\\/\",\"logo\":{\"@type\":\"ImageObject\",\"inLanguage\":\"en-US\",\"@id\":\"https:\\\/\\\/www.malvinhagman.se\\\/#\\\/schema\\\/logo\\\/image\\\/\",\"url\":\"https:\\\/\\\/www.malvinhagman.se\\\/wp-content\\\/uploads\\\/2025\\\/01\\\/Hagman.png\",\"contentUrl\":\"https:\\\/\\\/www.malvinhagman.se\\\/wp-content\\\/uploads\\\/2025\\\/01\\\/Hagman.png\",\"width\":500,\"height\":500,\"caption\":\"Hagman Digital\"},\"image\":{\"@id\":\"https:\\\/\\\/www.malvinhagman.se\\\/#\\\/schema\\\/logo\\\/image\\\/\"},\"sameAs\":[\"https:\\\/\\\/www.linkedin.com\\\/in\\\/malvin-hagman-6a2863188\\\/\"]}]}<\/script>\n<!-- \/ Yoast SEO plugin. -->","yoast_head_json":{"title":"Tj\u00e4nster - Hagman Digital","description":"H\u00e4r hittar du information om de tj\u00e4nster vi tillhandah\u00e5ller. Beh\u00f6ver du hj\u00e4lp med SEO, webbdesign eller teknisk support? D\u00e5 har du hittat r\u00e4tt!","robots":{"index":"index","follow":"follow","max-snippet":"max-snippet:-1","max-image-preview":"max-image-preview:large","max-video-preview":"max-video-preview:-1"},"canonical":"https:\/\/www.malvinhagman.se\/en\/tjanster\/","og_locale":"en_US","og_type":"article","og_title":"Tj\u00e4nster - Hagman Digital","og_description":"H\u00e4r hittar du information om de tj\u00e4nster vi tillhandah\u00e5ller. Beh\u00f6ver du hj\u00e4lp med SEO, webbdesign eller teknisk support? D\u00e5 har du hittat r\u00e4tt!","og_url":"https:\/\/www.malvinhagman.se\/en\/tjanster\/","og_site_name":"Hagman Digital","article_modified_time":"2025-03-12T17:27:15+00:00","og_image":[{"width":1117,"height":768,"url":"https:\/\/www.malvinhagman.se\/wp-content\/uploads\/2025\/01\/bollar.png","type":"image\/png"}],"twitter_card":"summary_large_image","twitter_misc":{"Est. reading time":"4 minutes"},"schema":{"@context":"https:\/\/schema.org","@graph":[{"@type":"WebPage","@id":"https:\/\/www.malvinhagman.se\/tjanster\/","url":"https:\/\/www.malvinhagman.se\/tjanster\/","name":"Tj\u00e4nster - Hagman Digital","isPartOf":{"@id":"https:\/\/www.malvinhagman.se\/#website"},"primaryImageOfPage":{"@id":"https:\/\/www.malvinhagman.se\/tjanster\/#primaryimage"},"image":{"@id":"https:\/\/www.malvinhagman.se\/tjanster\/#primaryimage"},"thumbnailUrl":"https:\/\/www.malvinhagman.se\/wp-content\/uploads\/2025\/01\/bollar.png","datePublished":"2025-01-03T15:27:58+00:00","dateModified":"2025-03-12T17:27:15+00:00","description":"H\u00e4r hittar du information om de tj\u00e4nster vi tillhandah\u00e5ller. Beh\u00f6ver du hj\u00e4lp med SEO, webbdesign eller teknisk support? D\u00e5 har du hittat r\u00e4tt!","breadcrumb":{"@id":"https:\/\/www.malvinhagman.se\/tjanster\/#breadcrumb"},"inLanguage":"en-US","potentialAction":[{"@type":"ReadAction","target":["https:\/\/www.malvinhagman.se\/tjanster\/"]}]},{"@type":"ImageObject","inLanguage":"en-US","@id":"https:\/\/www.malvinhagman.se\/tjanster\/#primaryimage","url":"https:\/\/www.malvinhagman.se\/wp-content\/uploads\/2025\/01\/bollar.png","contentUrl":"https:\/\/www.malvinhagman.se\/wp-content\/uploads\/2025\/01\/bollar.png"},{"@type":"BreadcrumbList","@id":"https:\/\/www.malvinhagman.se\/tjanster\/#breadcrumb","itemListElement":[{"@type":"ListItem","position":1,"name":"Home","item":"https:\/\/www.malvinhagman.se\/"},{"@type":"ListItem","position":2,"name":"Tj\u00e4nster"}]},{"@type":"WebSite","@id":"https:\/\/www.malvinhagman.se\/#website","url":"https:\/\/www.malvinhagman.se\/","name":"Malvin Hagman","description":"F\u00f6rsta intrycket sker online","publisher":{"@id":"https:\/\/www.malvinhagman.se\/#organization"},"potentialAction":[{"@type":"SearchAction","target":{"@type":"EntryPoint","urlTemplate":"https:\/\/www.malvinhagman.se\/?s={search_term_string}"},"query-input":{"@type":"PropertyValueSpecification","valueRequired":true,"valueName":"search_term_string"}}],"inLanguage":"en-US"},{"@type":"Organization","@id":"https:\/\/www.malvinhagman.se\/#organization","name":"Hagman Digital","url":"https:\/\/www.malvinhagman.se\/","logo":{"@type":"ImageObject","inLanguage":"en-US","@id":"https:\/\/www.malvinhagman.se\/#\/schema\/logo\/image\/","url":"https:\/\/www.malvinhagman.se\/wp-content\/uploads\/2025\/01\/Hagman.png","contentUrl":"https:\/\/www.malvinhagman.se\/wp-content\/uploads\/2025\/01\/Hagman.png","width":500,"height":500,"caption":"Hagman Digital"},"image":{"@id":"https:\/\/www.malvinhagman.se\/#\/schema\/logo\/image\/"},"sameAs":["https:\/\/www.linkedin.com\/in\/malvin-hagman-6a2863188\/"]}]}},"uagb_featured_image_src":{"full":false,"thumbnail":false,"medium":false,"medium_large":false,"large":false,"1536x1536":false,"2048x2048":false,"trp-custom-language-flag":false},"uagb_author_info":{"display_name":false,"author_link":"https:\/\/www.malvinhagman.se\/en\/author\/kevinmcallisteradmin\/"},"uagb_comment_info":0,"uagb_excerpt":"Webbdesign P\u00e5 90-talet var det sv\u00e5rt att bygga en hemsida. Du beh\u00f6vde kunna kod och vara lite av ett datasnille. Nu f\u00f6r tiden har tekniken gjort det enklare att g\u00f6ra en hemsida. N\u00e5got som teknik tyv\u00e4rr inte kan hj\u00e4lpa till med \u00e4r sj\u00e4lva designen. Webbdesign inneb\u00e4r inte att man skapar en hemsida; webbdesign inneb\u00e4r att&hellip;","_links":{"self":[{"href":"https:\/\/www.malvinhagman.se\/en\/wp-json\/wp\/v2\/pages\/3445","targetHints":{"allow":["GET"]}}],"collection":[{"href":"https:\/\/www.malvinhagman.se\/en\/wp-json\/wp\/v2\/pages"}],"about":[{"href":"https:\/\/www.malvinhagman.se\/en\/wp-json\/wp\/v2\/types\/page"}],"author":[{"embeddable":true,"href":"https:\/\/www.malvinhagman.se\/en\/wp-json\/wp\/v2\/users\/1"}],"replies":[{"embeddable":true,"href":"https:\/\/www.malvinhagman.se\/en\/wp-json\/wp\/v2\/comments?post=3445"}],"version-history":[{"count":28,"href":"https:\/\/www.malvinhagman.se\/en\/wp-json\/wp\/v2\/pages\/3445\/revisions"}],"predecessor-version":[{"id":3878,"href":"https:\/\/www.malvinhagman.se\/en\/wp-json\/wp\/v2\/pages\/3445\/revisions\/3878"}],"wp:attachment":[{"href":"https:\/\/www.malvinhagman.se\/en\/wp-json\/wp\/v2\/media?parent=3445"}],"curies":[{"name":"wp","href":"https:\/\/api.w.org\/{rel}","templated":true}]}}