{"id":1481,"date":"2024-09-17T17:29:08","date_gmt":"2024-09-17T15:29:08","guid":{"rendered":"https:\/\/www.malvinhagman.se\/?page_id=1481"},"modified":"2024-09-30T16:28:43","modified_gmt":"2024-09-30T14:28:43","slug":"installation","status":"publish","type":"page","link":"https:\/\/www.malvinhagman.se\/en\/installation\/","title":{"rendered":"Installation"},"content":{"rendered":"<div style=\"height:100px\" aria-hidden=\"true\" class=\"wp-block-spacer\"><\/div>\n\n\n\n<div class=\"wp-block-columns alignfull is-layout-flex wp-container-core-columns-is-layout-d3edd8cb wp-block-columns-is-layout-flex\" style=\"padding-right:var(--wp--preset--spacing--medium);padding-left:var(--wp--preset--spacing--medium)\">\n<div class=\"wp-block-column is-layout-flow wp-block-column-is-layout-flow\">\n<h2 class=\"wp-block-heading\">Grattis till din nya sida!<\/h2>\n\n\n\n<p>Om du redan laddat ned ett av v\u00e5ra webbkit (eller hemsidemallar som vi ocks\u00e5 kallar dem) \u00e4r du snart klar med din hemsida.<\/p>\n\n\n\n<p><em>Har du inte laddat ned ett webbkit kan du g\u00f6ra det <a href=\"https:\/\/www.malvinhagman.se\/en\/mallar\/\">h\u00e4r<\/a>!<\/em><\/p>\n\n\n\n<p>F\u00f6r att din nya hemsida verkligen ska bli <em>din<\/em> beh\u00f6ver vi g\u00f6ra ett par \u00e4ndringar innan vi \u00e4r helt klar. Men oroa dig inte, detta g\u00e5r lika snabbt som det \u00e4r enkelt.<\/p>\n\n\n\n<p>Om du \u00e4r oerfaren i hemsidebygge har vi en videoserie d\u00e4r vi g\u00e5r igenom grunderna och ger n\u00e5gra tips vi l\u00e4rt oss genom \u00e5ren.<\/p>\n\n\n\n<p><strong><em>*For installation<\/em>*<\/strong><\/p>\n\n\n\n<p>To install this template onto your own website:<\/p>\n\n\n\n<ol class=\"wp-block-list\">\n<li>Download the two files (you find these in your customer dashboard area)<\/li>\n\n\n\n<li>Install wordpress onto your own domain<\/li>\n\n\n\n<li>Install the plugin &#8221;Elementor&#8221;<\/li>\n\n\n\n<li>Go to Elementor&gt;Tools&gt;Import<\/li>\n\n\n\n<li>Import the elementor-kit.zip file<\/li>\n<\/ol>\n\n\n\n<p>To install the theme:<\/p>\n\n\n\n<ol class=\"wp-block-list\">\n<li>Appearance&gt;Themes&gt;Add New Theme&gt;Upload Theme<\/li>\n\n\n\n<li>Upload the Theme.zip file<\/li>\n<\/ol>\n\n\n\n<p>Done!<\/p>\n<\/div>\n\n\n\n<div class=\"wp-block-column is-layout-flow wp-block-column-is-layout-flow\">\n<h2 class=\"wp-block-heading has-text-align-left\">Videokurser<\/h2>\n\n\n\n<div class=\"wp-block-group has-global-padding is-layout-constrained wp-block-group-is-layout-constrained\" style=\"padding-top:var(--wp--preset--spacing--medium);padding-bottom:var(--wp--preset--spacing--medium)\">\n<h3 class=\"wp-block-heading has-text-align-left\">Installation<\/h3>\n\n\n\n<p>1. Installation av webbkit<\/p>\n\n\n\n<p>2. Generella WordPressinst\u00e4llningar<\/p>\n\n\n\n<p>3. Teman och till\u00e4gg<\/p>\n<\/div>\n\n\n\n<div class=\"wp-block-group has-global-padding is-layout-constrained wp-block-group-is-layout-constrained\" style=\"padding-top:var(--wp--preset--spacing--medium);padding-bottom:var(--wp--preset--spacing--medium)\">\n<h3 class=\"wp-block-heading has-text-align-left\">Grunderna i WordPress<\/h3>\n\n\n\n<p>4. Grundstenarna i en hemsida<\/p>\n\n\n\n<p>5. Skapa din f\u00f6rsta sida<\/p>\n\n\n\n<p>6. Navigation<\/p>\n<\/div>\n<\/div>\n<\/div>\n\n\n\n<div style=\"height:100px\" aria-hidden=\"true\" class=\"wp-block-spacer\"><\/div>","protected":false},"excerpt":{"rendered":"<p>Grattis till din nya sida! Om du redan laddat ned ett av v\u00e5ra webbkit (eller hemsidemallar som vi ocks\u00e5 kallar dem) \u00e4r du snart klar med din hemsida. Har du inte laddat ned ett webbkit kan du g\u00f6ra det h\u00e4r! F\u00f6r att din nya hemsida verkligen ska bli din beh\u00f6ver vi g\u00f6ra ett par \u00e4ndringar [&hellip;]<\/p>\n","protected":false},"author":1,"featured_media":0,"parent":0,"menu_order":0,"comment_status":"closed","ping_status":"closed","template":"","meta":{"_uag_custom_page_level_css":"","_swt_meta_header_display":false,"_swt_meta_footer_display":false,"_swt_meta_site_title_display":false,"_swt_meta_sticky_header":false,"_swt_meta_transparent_header":false,"cybocfi_hide_featured_image":"","footnotes":""},"class_list":["post-1481","page","type-page","status-publish","hentry"],"yoast_head":"<!-- This site is optimized with the Yoast SEO plugin v27.5 - https:\/\/yoast.com\/product\/yoast-seo-wordpress\/ -->\n<title>Installation - Hagman Digital<\/title>\n<meta name=\"robots\" content=\"index, follow, max-snippet:-1, max-image-preview:large, max-video-preview:-1\" \/>\n<link rel=\"canonical\" href=\"https:\/\/www.malvinhagman.se\/en\/installation\/\" \/>\n<meta property=\"og:locale\" content=\"en_US\" \/>\n<meta property=\"og:type\" content=\"article\" \/>\n<meta property=\"og:title\" content=\"Installation - Hagman Digital\" \/>\n<meta property=\"og:description\" content=\"Grattis till din nya sida! Om du redan laddat ned ett av v\u00e5ra webbkit (eller hemsidemallar som vi ocks\u00e5 kallar dem) \u00e4r du snart klar med din hemsida. Har du inte laddat ned ett webbkit kan du g\u00f6ra det h\u00e4r! F\u00f6r att din nya hemsida verkligen ska bli din beh\u00f6ver vi g\u00f6ra ett par \u00e4ndringar [&hellip;]\" \/>\n<meta property=\"og:url\" content=\"https:\/\/www.malvinhagman.se\/en\/installation\/\" \/>\n<meta property=\"og:site_name\" content=\"Hagman Digital\" \/>\n<meta property=\"article:modified_time\" content=\"2024-09-30T14:28:43+00:00\" \/>\n<meta name=\"twitter:card\" content=\"summary_large_image\" \/>\n<meta name=\"twitter:label1\" content=\"Est. reading time\" \/>\n\t<meta name=\"twitter:data1\" content=\"1 minute\" \/>\n<script type=\"application\/ld+json\" class=\"yoast-schema-graph\">{\"@context\":\"https:\\\/\\\/schema.org\",\"@graph\":[{\"@type\":\"WebPage\",\"@id\":\"https:\\\/\\\/www.malvinhagman.se\\\/installation\\\/\",\"url\":\"https:\\\/\\\/www.malvinhagman.se\\\/installation\\\/\",\"name\":\"Installation - Hagman Digital\",\"isPartOf\":{\"@id\":\"https:\\\/\\\/www.malvinhagman.se\\\/#website\"},\"datePublished\":\"2024-09-17T15:29:08+00:00\",\"dateModified\":\"2024-09-30T14:28:43+00:00\",\"breadcrumb\":{\"@id\":\"https:\\\/\\\/www.malvinhagman.se\\\/installation\\\/#breadcrumb\"},\"inLanguage\":\"en-US\",\"potentialAction\":[{\"@type\":\"ReadAction\",\"target\":[\"https:\\\/\\\/www.malvinhagman.se\\\/installation\\\/\"]}]},{\"@type\":\"BreadcrumbList\",\"@id\":\"https:\\\/\\\/www.malvinhagman.se\\\/installation\\\/#breadcrumb\",\"itemListElement\":[{\"@type\":\"ListItem\",\"position\":1,\"name\":\"Home\",\"item\":\"https:\\\/\\\/www.malvinhagman.se\\\/\"},{\"@type\":\"ListItem\",\"position\":2,\"name\":\"Installation\"}]},{\"@type\":\"WebSite\",\"@id\":\"https:\\\/\\\/www.malvinhagman.se\\\/#website\",\"url\":\"https:\\\/\\\/www.malvinhagman.se\\\/\",\"name\":\"Malvin Hagman\",\"description\":\"F\u00f6rsta intrycket sker online\",\"publisher\":{\"@id\":\"https:\\\/\\\/www.malvinhagman.se\\\/#organization\"},\"potentialAction\":[{\"@type\":\"SearchAction\",\"target\":{\"@type\":\"EntryPoint\",\"urlTemplate\":\"https:\\\/\\\/www.malvinhagman.se\\\/?s={search_term_string}\"},\"query-input\":{\"@type\":\"PropertyValueSpecification\",\"valueRequired\":true,\"valueName\":\"search_term_string\"}}],\"inLanguage\":\"en-US\"},{\"@type\":\"Organization\",\"@id\":\"https:\\\/\\\/www.malvinhagman.se\\\/#organization\",\"name\":\"Hagman Digital\",\"url\":\"https:\\\/\\\/www.malvinhagman.se\\\/\",\"logo\":{\"@type\":\"ImageObject\",\"inLanguage\":\"en-US\",\"@id\":\"https:\\\/\\\/www.malvinhagman.se\\\/#\\\/schema\\\/logo\\\/image\\\/\",\"url\":\"https:\\\/\\\/www.malvinhagman.se\\\/wp-content\\\/uploads\\\/2025\\\/01\\\/Hagman.png\",\"contentUrl\":\"https:\\\/\\\/www.malvinhagman.se\\\/wp-content\\\/uploads\\\/2025\\\/01\\\/Hagman.png\",\"width\":500,\"height\":500,\"caption\":\"Hagman Digital\"},\"image\":{\"@id\":\"https:\\\/\\\/www.malvinhagman.se\\\/#\\\/schema\\\/logo\\\/image\\\/\"},\"sameAs\":[\"https:\\\/\\\/www.linkedin.com\\\/in\\\/malvin-hagman-6a2863188\\\/\"]}]}<\/script>\n<!-- \/ Yoast SEO plugin. -->","yoast_head_json":{"title":"Installation - Hagman Digital","robots":{"index":"index","follow":"follow","max-snippet":"max-snippet:-1","max-image-preview":"max-image-preview:large","max-video-preview":"max-video-preview:-1"},"canonical":"https:\/\/www.malvinhagman.se\/en\/installation\/","og_locale":"en_US","og_type":"article","og_title":"Installation - Hagman Digital","og_description":"Grattis till din nya sida! Om du redan laddat ned ett av v\u00e5ra webbkit (eller hemsidemallar som vi ocks\u00e5 kallar dem) \u00e4r du snart klar med din hemsida. Har du inte laddat ned ett webbkit kan du g\u00f6ra det h\u00e4r! F\u00f6r att din nya hemsida verkligen ska bli din beh\u00f6ver vi g\u00f6ra ett par \u00e4ndringar [&hellip;]","og_url":"https:\/\/www.malvinhagman.se\/en\/installation\/","og_site_name":"Hagman Digital","article_modified_time":"2024-09-30T14:28:43+00:00","twitter_card":"summary_large_image","twitter_misc":{"Est. reading time":"1 minute"},"schema":{"@context":"https:\/\/schema.org","@graph":[{"@type":"WebPage","@id":"https:\/\/www.malvinhagman.se\/installation\/","url":"https:\/\/www.malvinhagman.se\/installation\/","name":"Installation - Hagman Digital","isPartOf":{"@id":"https:\/\/www.malvinhagman.se\/#website"},"datePublished":"2024-09-17T15:29:08+00:00","dateModified":"2024-09-30T14:28:43+00:00","breadcrumb":{"@id":"https:\/\/www.malvinhagman.se\/installation\/#breadcrumb"},"inLanguage":"en-US","potentialAction":[{"@type":"ReadAction","target":["https:\/\/www.malvinhagman.se\/installation\/"]}]},{"@type":"BreadcrumbList","@id":"https:\/\/www.malvinhagman.se\/installation\/#breadcrumb","itemListElement":[{"@type":"ListItem","position":1,"name":"Home","item":"https:\/\/www.malvinhagman.se\/"},{"@type":"ListItem","position":2,"name":"Installation"}]},{"@type":"WebSite","@id":"https:\/\/www.malvinhagman.se\/#website","url":"https:\/\/www.malvinhagman.se\/","name":"Malvin Hagman","description":"F\u00f6rsta intrycket sker online","publisher":{"@id":"https:\/\/www.malvinhagman.se\/#organization"},"potentialAction":[{"@type":"SearchAction","target":{"@type":"EntryPoint","urlTemplate":"https:\/\/www.malvinhagman.se\/?s={search_term_string}"},"query-input":{"@type":"PropertyValueSpecification","valueRequired":true,"valueName":"search_term_string"}}],"inLanguage":"en-US"},{"@type":"Organization","@id":"https:\/\/www.malvinhagman.se\/#organization","name":"Hagman Digital","url":"https:\/\/www.malvinhagman.se\/","logo":{"@type":"ImageObject","inLanguage":"en-US","@id":"https:\/\/www.malvinhagman.se\/#\/schema\/logo\/image\/","url":"https:\/\/www.malvinhagman.se\/wp-content\/uploads\/2025\/01\/Hagman.png","contentUrl":"https:\/\/www.malvinhagman.se\/wp-content\/uploads\/2025\/01\/Hagman.png","width":500,"height":500,"caption":"Hagman Digital"},"image":{"@id":"https:\/\/www.malvinhagman.se\/#\/schema\/logo\/image\/"},"sameAs":["https:\/\/www.linkedin.com\/in\/malvin-hagman-6a2863188\/"]}]}},"uagb_featured_image_src":{"full":false,"thumbnail":false,"medium":false,"medium_large":false,"large":false,"1536x1536":false,"2048x2048":false,"trp-custom-language-flag":false},"uagb_author_info":{"display_name":false,"author_link":"https:\/\/www.malvinhagman.se\/en\/author\/kevinmcallisteradmin\/"},"uagb_comment_info":0,"uagb_excerpt":"Grattis till din nya sida! Om du redan laddat ned ett av v\u00e5ra webbkit (eller hemsidemallar som vi ocks\u00e5 kallar dem) \u00e4r du snart klar med din hemsida. Har du inte laddat ned ett webbkit kan du g\u00f6ra det h\u00e4r! F\u00f6r att din nya hemsida verkligen ska bli din beh\u00f6ver vi g\u00f6ra ett par \u00e4ndringar&hellip;","_links":{"self":[{"href":"https:\/\/www.malvinhagman.se\/en\/wp-json\/wp\/v2\/pages\/1481","targetHints":{"allow":["GET"]}}],"collection":[{"href":"https:\/\/www.malvinhagman.se\/en\/wp-json\/wp\/v2\/pages"}],"about":[{"href":"https:\/\/www.malvinhagman.se\/en\/wp-json\/wp\/v2\/types\/page"}],"author":[{"embeddable":true,"href":"https:\/\/www.malvinhagman.se\/en\/wp-json\/wp\/v2\/users\/1"}],"replies":[{"embeddable":true,"href":"https:\/\/www.malvinhagman.se\/en\/wp-json\/wp\/v2\/comments?post=1481"}],"version-history":[{"count":3,"href":"https:\/\/www.malvinhagman.se\/en\/wp-json\/wp\/v2\/pages\/1481\/revisions"}],"predecessor-version":[{"id":2333,"href":"https:\/\/www.malvinhagman.se\/en\/wp-json\/wp\/v2\/pages\/1481\/revisions\/2333"}],"wp:attachment":[{"href":"https:\/\/www.malvinhagman.se\/en\/wp-json\/wp\/v2\/media?parent=1481"}],"curies":[{"name":"wp","href":"https:\/\/api.w.org\/{rel}","templated":true}]}}