{"id":11,"date":"2024-03-26T18:05:26","date_gmt":"2024-03-26T18:05:26","guid":{"rendered":"https:\/\/www.malvinhagman.se\/?page_id=11"},"modified":"2025-01-16T17:25:19","modified_gmt":"2025-01-16T15:25:19","slug":"kontakt","status":"publish","type":"page","link":"https:\/\/www.malvinhagman.se\/en\/kontakt\/","title":{"rendered":"Contact"},"content":{"rendered":"<div class=\"wp-block-cover alignfull\" style=\"margin-top:0px;margin-bottom:0px;min-height:881px;aspect-ratio:unset;\"><span aria-hidden=\"true\" class=\"wp-block-cover__background has-black-background-color has-background-dim-40 has-background-dim\"><\/span><img loading=\"lazy\" decoding=\"async\" width=\"1117\" height=\"768\" sizes=\"auto, (max-width: 799px) 200vw, (max-width: 1117px) 100vw, 1117px\" class=\"wp-block-cover__image-background wp-image-3236\" alt=\"\" src=\"https:\/\/www.malvinhagman.se\/wp-content\/uploads\/2024\/12\/bollar-1-2.png\" style=\"object-position:68% 81%\" data-object-fit=\"cover\" data-object-position=\"68% 81%\" srcset=\"https:\/\/www.malvinhagman.se\/wp-content\/uploads\/2024\/12\/bollar-1-2.png 1117w, https:\/\/www.malvinhagman.se\/wp-content\/uploads\/2024\/12\/bollar-1-2-300x206.png 300w, https:\/\/www.malvinhagman.se\/wp-content\/uploads\/2024\/12\/bollar-1-2-1024x704.png 1024w, https:\/\/www.malvinhagman.se\/wp-content\/uploads\/2024\/12\/bollar-1-2-768x528.png 768w\" \/><div class=\"wp-block-cover__inner-container is-layout-flow wp-block-cover-is-layout-flow\"><div style=\"height:159px\" aria-hidden=\"true\" class=\"wp-block-spacer swt-hide-desktop swt-hide-tablet\"><\/div>\n\n\n\n<div class=\"wp-block-group alignfull has-global-padding is-layout-constrained wp-container-core-group-is-layout-fa72c8b5 wp-block-group-is-layout-constrained\" style=\"padding-top:var(--wp--preset--spacing--x-large);padding-bottom:var(--wp--preset--spacing--x-large)\">\n<div class=\"wp-block-columns alignwide is-layout-flex wp-container-core-columns-is-layout-b373d85e wp-block-columns-is-layout-flex\">\n<div class=\"wp-block-column is-vertically-aligned-center is-layout-flow wp-container-core-column-is-layout-9bbe8c87 wp-block-column-is-layout-flow\">\n<div class=\"wp-block-group has-global-padding is-layout-constrained wp-block-group-is-layout-constrained\">\n<h1 class=\"wp-block-heading alignfull has-text-color has-link-color has-next-art-font-family wp-elements-88b6fc25528e4bdbfbac746781b438de\" style=\"color:#ec8c97;font-style:normal;font-weight:600\">Do you have any questions?<\/h1>\n\n\n\n<p class=\"has-custom-off-white-color has-text-color has-link-color wp-elements-31706dadb70c01c257565ccb02a30b64\" style=\"font-size:1.2rem\">Do you have your own website that you've encountered issues with? Or maybe you want to know more about how we work? Don't hesitate to get in touch with us. We are always available to answer any questions!<\/p>\n\n\n\n<p class=\"has-custom-off-white-color has-text-color has-link-color wp-elements-68f3112804d616aaa5bd9fcbba23881e\" style=\"font-size:1.2rem\">Here you will find all the channels you can reach us on. We typically respond to emails within a day. If you are interested in custom solutions, we kindly ask you to describe your needs your email. This allows us to provide you with an estimate for the price, timeline, and offer design suggestions.<\/p>\n<\/div>\n<\/div>\n\n\n\n<div class=\"wp-block-column is-layout-flow wp-container-core-column-is-layout-c39a6912 wp-block-column-is-layout-flow\">\n<div class=\"wp-block-group has-border-color has-custom-matt-gr-n-border-color has-global-padding is-layout-constrained wp-block-group-is-layout-constrained\" style=\"border-width:2px;border-radius:16px;min-height:100%;padding-top:var(--wp--preset--spacing--large);padding-bottom:var(--wp--preset--spacing--large)\">\n<h2 class=\"wp-block-heading has-text-color has-next-art-font-family has-xx-large-font-size\" style=\"color:#ec8c97;margin-top:var(--wp--preset--spacing--small)\">Contact<\/h2>\n\n\n\n<hr class=\"wp-block-separator has-alpha-channel-opacity is-style-swt-separator-wide-thin-line\"\/>\n\n\n\n<div class=\"wp-block-group has-global-padding is-layout-constrained wp-container-core-group-is-layout-7c6d2669 wp-block-group-is-layout-constrained\">\n<p class=\"wp-block-heading has-x-small-font-size\">Phone<\/p>\n\n\n\n<p class=\"has-custom-off-white-color has-text-color has-link-color has-large-font-size wp-elements-ac8d036f5ff4f75a5f43151892213172\">0722105108<\/p>\n<\/div>\n\n\n\n<hr class=\"wp-block-separator has-alpha-channel-opacity is-style-swt-separator-wide-thin-line\"\/>\n\n\n\n<div class=\"wp-block-group has-global-padding is-layout-constrained wp-container-core-group-is-layout-7c6d2669 wp-block-group-is-layout-constrained\">\n<p class=\"wp-block-heading has-x-small-font-size\">Email<\/p>\n\n\n\n<p class=\"has-custom-off-white-color has-text-color has-link-color has-large-font-size wp-elements-fabe4310cb76a155c6248b4ff087973b\"><a href=\"mailto:info@malvinhagman.se\">info@malvinhagman.se<\/a><\/p>\n<\/div>\n\n\n\n<hr class=\"wp-block-separator has-alpha-channel-opacity is-style-swt-separator-wide-thin-line\"\/>\n\n\n\n<div class=\"wp-block-group has-global-padding is-layout-constrained wp-container-core-group-is-layout-c40a8074 wp-block-group-is-layout-constrained\">\n<ul class=\"wp-block-social-links has-huge-icon-size has-icon-color is-style-logos-only is-layout-flex wp-block-social-links-is-layout-flex\"><li style=\"color:#ec8c97;\" class=\"wp-social-link wp-social-link-instagram  wp-block-social-link\"><a href=\"https:\/\/www.instagram.com\/hagmandigital\/\" class=\"wp-block-social-link-anchor\"><svg width=\"24\" height=\"24\" viewbox=\"0 0 24 24\" version=\"1.1\" xmlns=\"http:\/\/www.w3.org\/2000\/svg\" aria-hidden=\"true\" focusable=\"false\"><path d=\"M12,4.622c2.403,0,2.688,0.009,3.637,0.052c0.877,0.04,1.354,0.187,1.671,0.31c0.42,0.163,0.72,0.358,1.035,0.673 c0.315,0.315,0.51,0.615,0.673,1.035c0.123,0.317,0.27,0.794,0.31,1.671c0.043,0.949,0.052,1.234,0.052,3.637 s-0.009,2.688-0.052,3.637c-0.04,0.877-0.187,1.354-0.31,1.671c-0.163,0.42-0.358,0.72-0.673,1.035 c-0.315,0.315-0.615,0.51-1.035,0.673c-0.317,0.123-0.794,0.27-1.671,0.31c-0.949,0.043-1.233,0.052-3.637,0.052 s-2.688-0.009-3.637-0.052c-0.877-0.04-1.354-0.187-1.671-0.31c-0.42-0.163-0.72-0.358-1.035-0.673 c-0.315-0.315-0.51-0.615-0.673-1.035c-0.123-0.317-0.27-0.794-0.31-1.671C4.631,14.688,4.622,14.403,4.622,12 s0.009-2.688,0.052-3.637c0.04-0.877,0.187-1.354,0.31-1.671c0.163-0.42,0.358-0.72,0.673-1.035 c0.315-0.315,0.615-0.51,1.035-0.673c0.317-0.123,0.794-0.27,1.671-0.31C9.312,4.631,9.597,4.622,12,4.622 M12,3 C9.556,3,9.249,3.01,8.289,3.054C7.331,3.098,6.677,3.25,6.105,3.472C5.513,3.702,5.011,4.01,4.511,4.511 c-0.5,0.5-0.808,1.002-1.038,1.594C3.25,6.677,3.098,7.331,3.054,8.289C3.01,9.249,3,9.556,3,12c0,2.444,0.01,2.751,0.054,3.711 c0.044,0.958,0.196,1.612,0.418,2.185c0.23,0.592,0.538,1.094,1.038,1.594c0.5,0.5,1.002,0.808,1.594,1.038 c0.572,0.222,1.227,0.375,2.185,0.418C9.249,20.99,9.556,21,12,21s2.751-0.01,3.711-0.054c0.958-0.044,1.612-0.196,2.185-0.418 c0.592-0.23,1.094-0.538,1.594-1.038c0.5-0.5,0.808-1.002,1.038-1.594c0.222-0.572,0.375-1.227,0.418-2.185 C20.99,14.751,21,14.444,21,12s-0.01-2.751-0.054-3.711c-0.044-0.958-0.196-1.612-0.418-2.185c-0.23-0.592-0.538-1.094-1.038-1.594 c-0.5-0.5-1.002-0.808-1.594-1.038c-0.572-0.222-1.227-0.375-2.185-0.418C14.751,3.01,14.444,3,12,3L12,3z M12,7.378 c-2.552,0-4.622,2.069-4.622,4.622S9.448,16.622,12,16.622s4.622-2.069,4.622-4.622S14.552,7.378,12,7.378z M12,15 c-1.657,0-3-1.343-3-3s1.343-3,3-3s3,1.343,3,3S13.657,15,12,15z M16.804,6.116c-0.596,0-1.08,0.484-1.08,1.08 s0.484,1.08,1.08,1.08c0.596,0,1.08-0.484,1.08-1.08S17.401,6.116,16.804,6.116z\"><\/path><\/svg><span class=\"wp-block-social-link-label screen-reader-text\">Instagram<\/span><\/a><\/li><\/ul>\n<\/div>\n<\/div>\n<\/div>\n<\/div>\n<\/div>\n<\/div><\/div>","protected":false},"excerpt":{"rendered":"","protected":false},"author":1,"featured_media":0,"parent":0,"menu_order":0,"comment_status":"closed","ping_status":"closed","template":"","meta":{"_uag_custom_page_level_css":"","_swt_meta_header_display":false,"_swt_meta_footer_display":false,"_swt_meta_site_title_display":false,"_swt_meta_sticky_header":false,"_swt_meta_transparent_header":true,"cybocfi_hide_featured_image":"","footnotes":""},"class_list":["post-11","page","type-page","status-publish","hentry"],"yoast_head":"<!-- This site is optimized with the Yoast SEO plugin v27.4 - https:\/\/yoast.com\/product\/yoast-seo-wordpress\/ -->\n<title>Kontakt - Hagman Digital<\/title>\n<meta name=\"description\" content=\"H\u00e4r hittar du alla kanaler du kan ta kontakt med oss genom. Har du en fr\u00e5ga eller ett problem? Tveka inte p\u00e5 att h\u00f6ra av dig till oss h\u00e4r!\" \/>\n<meta name=\"robots\" content=\"index, follow, max-snippet:-1, max-image-preview:large, max-video-preview:-1\" \/>\n<link rel=\"canonical\" href=\"https:\/\/www.malvinhagman.se\/en\/kontakt\/\" \/>\n<meta property=\"og:locale\" content=\"en_US\" \/>\n<meta property=\"og:type\" content=\"article\" \/>\n<meta property=\"og:title\" content=\"Kontakt - Hagman Digital\" \/>\n<meta property=\"og:description\" content=\"H\u00e4r hittar du alla kanaler du kan ta kontakt med oss genom. Har du en fr\u00e5ga eller ett problem? Tveka inte p\u00e5 att h\u00f6ra av dig till oss h\u00e4r!\" \/>\n<meta property=\"og:url\" content=\"https:\/\/www.malvinhagman.se\/en\/kontakt\/\" \/>\n<meta property=\"og:site_name\" content=\"Hagman Digital\" \/>\n<meta property=\"article:modified_time\" content=\"2025-01-16T15:25:19+00:00\" \/>\n<meta property=\"og:image\" content=\"https:\/\/www.malvinhagman.se\/wp-content\/uploads\/2024\/12\/bollar-1-2.png\" \/>\n\t<meta property=\"og:image:width\" content=\"1117\" \/>\n\t<meta property=\"og:image:height\" content=\"768\" \/>\n\t<meta property=\"og:image:type\" content=\"image\/png\" \/>\n<meta name=\"twitter:card\" content=\"summary_large_image\" \/>\n<meta name=\"twitter:label1\" content=\"Est. reading time\" \/>\n\t<meta name=\"twitter:data1\" content=\"1 minute\" \/>\n<script type=\"application\/ld+json\" class=\"yoast-schema-graph\">{\"@context\":\"https:\\\/\\\/schema.org\",\"@graph\":[{\"@type\":\"WebPage\",\"@id\":\"https:\\\/\\\/www.malvinhagman.se\\\/kontakt\\\/\",\"url\":\"https:\\\/\\\/www.malvinhagman.se\\\/kontakt\\\/\",\"name\":\"Kontakt - Hagman Digital\",\"isPartOf\":{\"@id\":\"https:\\\/\\\/www.malvinhagman.se\\\/#website\"},\"primaryImageOfPage\":{\"@id\":\"https:\\\/\\\/www.malvinhagman.se\\\/kontakt\\\/#primaryimage\"},\"image\":{\"@id\":\"https:\\\/\\\/www.malvinhagman.se\\\/kontakt\\\/#primaryimage\"},\"thumbnailUrl\":\"https:\\\/\\\/www.malvinhagman.se\\\/wp-content\\\/uploads\\\/2024\\\/12\\\/bollar-1-2.png\",\"datePublished\":\"2024-03-26T18:05:26+00:00\",\"dateModified\":\"2025-01-16T15:25:19+00:00\",\"description\":\"H\u00e4r hittar du alla kanaler du kan ta kontakt med oss genom. Har du en fr\u00e5ga eller ett problem? Tveka inte p\u00e5 att h\u00f6ra av dig till oss h\u00e4r!\",\"breadcrumb\":{\"@id\":\"https:\\\/\\\/www.malvinhagman.se\\\/kontakt\\\/#breadcrumb\"},\"inLanguage\":\"en-US\",\"potentialAction\":[{\"@type\":\"ReadAction\",\"target\":[\"https:\\\/\\\/www.malvinhagman.se\\\/kontakt\\\/\"]}]},{\"@type\":\"ImageObject\",\"inLanguage\":\"en-US\",\"@id\":\"https:\\\/\\\/www.malvinhagman.se\\\/kontakt\\\/#primaryimage\",\"url\":\"https:\\\/\\\/www.malvinhagman.se\\\/wp-content\\\/uploads\\\/2024\\\/12\\\/bollar-1-2.png\",\"contentUrl\":\"https:\\\/\\\/www.malvinhagman.se\\\/wp-content\\\/uploads\\\/2024\\\/12\\\/bollar-1-2.png\"},{\"@type\":\"BreadcrumbList\",\"@id\":\"https:\\\/\\\/www.malvinhagman.se\\\/kontakt\\\/#breadcrumb\",\"itemListElement\":[{\"@type\":\"ListItem\",\"position\":1,\"name\":\"Home\",\"item\":\"https:\\\/\\\/www.malvinhagman.se\\\/\"},{\"@type\":\"ListItem\",\"position\":2,\"name\":\"Kontakt\"}]},{\"@type\":\"WebSite\",\"@id\":\"https:\\\/\\\/www.malvinhagman.se\\\/#website\",\"url\":\"https:\\\/\\\/www.malvinhagman.se\\\/\",\"name\":\"Malvin Hagman\",\"description\":\"F\u00f6rsta intrycket sker online\",\"publisher\":{\"@id\":\"https:\\\/\\\/www.malvinhagman.se\\\/#organization\"},\"potentialAction\":[{\"@type\":\"SearchAction\",\"target\":{\"@type\":\"EntryPoint\",\"urlTemplate\":\"https:\\\/\\\/www.malvinhagman.se\\\/?s={search_term_string}\"},\"query-input\":{\"@type\":\"PropertyValueSpecification\",\"valueRequired\":true,\"valueName\":\"search_term_string\"}}],\"inLanguage\":\"en-US\"},{\"@type\":\"Organization\",\"@id\":\"https:\\\/\\\/www.malvinhagman.se\\\/#organization\",\"name\":\"Hagman Digital\",\"url\":\"https:\\\/\\\/www.malvinhagman.se\\\/\",\"logo\":{\"@type\":\"ImageObject\",\"inLanguage\":\"en-US\",\"@id\":\"https:\\\/\\\/www.malvinhagman.se\\\/#\\\/schema\\\/logo\\\/image\\\/\",\"url\":\"https:\\\/\\\/www.malvinhagman.se\\\/wp-content\\\/uploads\\\/2025\\\/01\\\/Hagman.png\",\"contentUrl\":\"https:\\\/\\\/www.malvinhagman.se\\\/wp-content\\\/uploads\\\/2025\\\/01\\\/Hagman.png\",\"width\":500,\"height\":500,\"caption\":\"Hagman Digital\"},\"image\":{\"@id\":\"https:\\\/\\\/www.malvinhagman.se\\\/#\\\/schema\\\/logo\\\/image\\\/\"},\"sameAs\":[\"https:\\\/\\\/www.linkedin.com\\\/in\\\/malvin-hagman-6a2863188\\\/\"]}]}<\/script>\n<!-- \/ Yoast SEO plugin. -->","yoast_head_json":{"title":"Kontakt - Hagman Digital","description":"H\u00e4r hittar du alla kanaler du kan ta kontakt med oss genom. Har du en fr\u00e5ga eller ett problem? Tveka inte p\u00e5 att h\u00f6ra av dig till oss h\u00e4r!","robots":{"index":"index","follow":"follow","max-snippet":"max-snippet:-1","max-image-preview":"max-image-preview:large","max-video-preview":"max-video-preview:-1"},"canonical":"https:\/\/www.malvinhagman.se\/en\/kontakt\/","og_locale":"en_US","og_type":"article","og_title":"Kontakt - Hagman Digital","og_description":"H\u00e4r hittar du alla kanaler du kan ta kontakt med oss genom. Har du en fr\u00e5ga eller ett problem? Tveka inte p\u00e5 att h\u00f6ra av dig till oss h\u00e4r!","og_url":"https:\/\/www.malvinhagman.se\/en\/kontakt\/","og_site_name":"Hagman Digital","article_modified_time":"2025-01-16T15:25:19+00:00","og_image":[{"width":1117,"height":768,"url":"https:\/\/www.malvinhagman.se\/wp-content\/uploads\/2024\/12\/bollar-1-2.png","type":"image\/png"}],"twitter_card":"summary_large_image","twitter_misc":{"Est. reading time":"1 minute"},"schema":{"@context":"https:\/\/schema.org","@graph":[{"@type":"WebPage","@id":"https:\/\/www.malvinhagman.se\/kontakt\/","url":"https:\/\/www.malvinhagman.se\/kontakt\/","name":"Kontakt - Hagman Digital","isPartOf":{"@id":"https:\/\/www.malvinhagman.se\/#website"},"primaryImageOfPage":{"@id":"https:\/\/www.malvinhagman.se\/kontakt\/#primaryimage"},"image":{"@id":"https:\/\/www.malvinhagman.se\/kontakt\/#primaryimage"},"thumbnailUrl":"https:\/\/www.malvinhagman.se\/wp-content\/uploads\/2024\/12\/bollar-1-2.png","datePublished":"2024-03-26T18:05:26+00:00","dateModified":"2025-01-16T15:25:19+00:00","description":"H\u00e4r hittar du alla kanaler du kan ta kontakt med oss genom. Har du en fr\u00e5ga eller ett problem? Tveka inte p\u00e5 att h\u00f6ra av dig till oss h\u00e4r!","breadcrumb":{"@id":"https:\/\/www.malvinhagman.se\/kontakt\/#breadcrumb"},"inLanguage":"en-US","potentialAction":[{"@type":"ReadAction","target":["https:\/\/www.malvinhagman.se\/kontakt\/"]}]},{"@type":"ImageObject","inLanguage":"en-US","@id":"https:\/\/www.malvinhagman.se\/kontakt\/#primaryimage","url":"https:\/\/www.malvinhagman.se\/wp-content\/uploads\/2024\/12\/bollar-1-2.png","contentUrl":"https:\/\/www.malvinhagman.se\/wp-content\/uploads\/2024\/12\/bollar-1-2.png"},{"@type":"BreadcrumbList","@id":"https:\/\/www.malvinhagman.se\/kontakt\/#breadcrumb","itemListElement":[{"@type":"ListItem","position":1,"name":"Home","item":"https:\/\/www.malvinhagman.se\/"},{"@type":"ListItem","position":2,"name":"Kontakt"}]},{"@type":"WebSite","@id":"https:\/\/www.malvinhagman.se\/#website","url":"https:\/\/www.malvinhagman.se\/","name":"Malvin Hagman","description":"F\u00f6rsta intrycket sker online","publisher":{"@id":"https:\/\/www.malvinhagman.se\/#organization"},"potentialAction":[{"@type":"SearchAction","target":{"@type":"EntryPoint","urlTemplate":"https:\/\/www.malvinhagman.se\/?s={search_term_string}"},"query-input":{"@type":"PropertyValueSpecification","valueRequired":true,"valueName":"search_term_string"}}],"inLanguage":"en-US"},{"@type":"Organization","@id":"https:\/\/www.malvinhagman.se\/#organization","name":"Hagman Digital","url":"https:\/\/www.malvinhagman.se\/","logo":{"@type":"ImageObject","inLanguage":"en-US","@id":"https:\/\/www.malvinhagman.se\/#\/schema\/logo\/image\/","url":"https:\/\/www.malvinhagman.se\/wp-content\/uploads\/2025\/01\/Hagman.png","contentUrl":"https:\/\/www.malvinhagman.se\/wp-content\/uploads\/2025\/01\/Hagman.png","width":500,"height":500,"caption":"Hagman Digital"},"image":{"@id":"https:\/\/www.malvinhagman.se\/#\/schema\/logo\/image\/"},"sameAs":["https:\/\/www.linkedin.com\/in\/malvin-hagman-6a2863188\/"]}]}},"uagb_featured_image_src":{"full":false,"thumbnail":false,"medium":false,"medium_large":false,"large":false,"1536x1536":false,"2048x2048":false,"trp-custom-language-flag":false},"uagb_author_info":{"display_name":false,"author_link":"https:\/\/www.malvinhagman.se\/en\/author\/kevinmcallisteradmin\/"},"uagb_comment_info":0,"uagb_excerpt":null,"_links":{"self":[{"href":"https:\/\/www.malvinhagman.se\/en\/wp-json\/wp\/v2\/pages\/11","targetHints":{"allow":["GET"]}}],"collection":[{"href":"https:\/\/www.malvinhagman.se\/en\/wp-json\/wp\/v2\/pages"}],"about":[{"href":"https:\/\/www.malvinhagman.se\/en\/wp-json\/wp\/v2\/types\/page"}],"author":[{"embeddable":true,"href":"https:\/\/www.malvinhagman.se\/en\/wp-json\/wp\/v2\/users\/1"}],"replies":[{"embeddable":true,"href":"https:\/\/www.malvinhagman.se\/en\/wp-json\/wp\/v2\/comments?post=11"}],"version-history":[{"count":80,"href":"https:\/\/www.malvinhagman.se\/en\/wp-json\/wp\/v2\/pages\/11\/revisions"}],"predecessor-version":[{"id":3871,"href":"https:\/\/www.malvinhagman.se\/en\/wp-json\/wp\/v2\/pages\/11\/revisions\/3871"}],"wp:attachment":[{"href":"https:\/\/www.malvinhagman.se\/en\/wp-json\/wp\/v2\/media?parent=11"}],"curies":[{"name":"wp","href":"https:\/\/api.w.org\/{rel}","templated":true}]}}